{"id":162,"date":"2020-06-17T13:06:21","date_gmt":"2020-06-17T13:06:21","guid":{"rendered":"https:\/\/araleart.com\/?post_type=product&#038;p=62"},"modified":"2026-04-15T15:24:02","modified_gmt":"2026-04-15T15:24:02","slug":"lv-bunny-kate-moss","status":"publish","type":"product","link":"https:\/\/araleart.com\/en\/product\/lv-bunny-kate-moss\/","title":{"rendered":"LV-Bunny Kate Moss on Playboy cover"},"content":{"rendered":"","protected":false},"excerpt":{"rendered":"<p>Artista: ARALE ART\u00a9<br \/>\nT\u00e9cnica: Acr\u00edlico y pintura en aerosol sobre lienzo<br \/>\nMedidas: 100 \u00d7 100 cm (3 cm de profundidad)<br \/>\nA\u00f1o: 2025<\/p>\n<p>&#8211; Terminada con barniz brillante<br \/>\n&#8211; Pieza \u00fanica<br \/>\n&#8211; Listo para colgar<br \/>\n\u2013 Certificado de autenticidad del artista<\/p>\n<p><em>*Marco no incluido<\/em><\/p>","protected":false},"featured_media":294,"comment_status":"open","ping_status":"closed","template":"","meta":[],"product_brand":[],"product_cat":[21],"product_tag":[],"class_list":{"0":"post-162","1":"product","2":"type-product","3":"status-publish","4":"has-post-thumbnail","6":"product_cat-pop-culture","8":"first","9":"instock","10":"sold-individually","11":"shipping-taxable","12":"purchasable","13":"product-type-simple"},"yoast_head":"<!-- This site is optimized with the Yoast SEO plugin v27.4 - https:\/\/yoast.com\/product\/yoast-seo-wordpress\/ -->\n<title>LV-Bunny Kate Moss on Playboy cover - Arale Art<\/title>\n<meta name=\"robots\" content=\"index, follow, max-snippet:-1, max-image-preview:large, max-video-preview:-1\" \/>\n<link rel=\"canonical\" href=\"https:\/\/araleart.com\/en\/product\/lv-bunny-kate-moss\/\" \/>\n<meta property=\"og:locale\" content=\"en_US\" \/>\n<meta property=\"og:type\" content=\"article\" \/>\n<meta property=\"og:title\" content=\"LV-Bunny Kate Moss on Playboy cover - Arale Art\" \/>\n<meta property=\"og:description\" content=\"Artista: ARALE ART\u00a9 T\u00e9cnica: Acr\u00edlico y pintura en aerosol sobre lienzo Medidas: 100 \u00d7 100 cm (3 cm de profundidad) A\u00f1o: 2025  - Terminada con barniz brillante - Pieza \u00fanica - Listo para colgar \u2013 Certificado de autenticidad del artista  *Marco no incluido\" \/>\n<meta property=\"og:url\" content=\"https:\/\/araleart.com\/en\/product\/lv-bunny-kate-moss\/\" \/>\n<meta property=\"og:site_name\" content=\"Arale Art\" \/>\n<meta property=\"article:publisher\" content=\"https:\/\/www.instagram.com\/e.arale\/\" \/>\n<meta property=\"article:modified_time\" content=\"2026-04-15T15:24:02+00:00\" \/>\n<meta property=\"og:image\" content=\"https:\/\/araleart.com\/wp-content\/uploads\/2020\/06\/LV-Bunny-KateMoss-web-arale-art.jpg\" \/>\n\t<meta property=\"og:image:width\" content=\"2156\" \/>\n\t<meta property=\"og:image:height\" content=\"2156\" \/>\n\t<meta property=\"og:image:type\" content=\"image\/jpeg\" \/>\n<meta name=\"twitter:card\" content=\"summary_large_image\" \/>\n<meta name=\"twitter:label1\" content=\"Est. reading time\" \/>\n\t<meta name=\"twitter:data1\" content=\"1 minute\" \/>\n<script type=\"application\/ld+json\" class=\"yoast-schema-graph\">{\"@context\":\"https:\\\/\\\/schema.org\",\"@graph\":[{\"@type\":\"WebPage\",\"@id\":\"https:\\\/\\\/araleart.com\\\/product\\\/lv-bunny-kate-moss\\\/\",\"url\":\"https:\\\/\\\/araleart.com\\\/product\\\/lv-bunny-kate-moss\\\/\",\"name\":\"LV-Bunny Kate Moss on Playboy cover - Arale Art\",\"isPartOf\":{\"@id\":\"https:\\\/\\\/araleart.com\\\/#website\"},\"primaryImageOfPage\":{\"@id\":\"https:\\\/\\\/araleart.com\\\/product\\\/lv-bunny-kate-moss\\\/#primaryimage\"},\"image\":{\"@id\":\"https:\\\/\\\/araleart.com\\\/product\\\/lv-bunny-kate-moss\\\/#primaryimage\"},\"thumbnailUrl\":\"https:\\\/\\\/araleart.com\\\/wp-content\\\/uploads\\\/2020\\\/06\\\/LV-Bunny-KateMoss-web-arale-art.jpg\",\"datePublished\":\"2020-06-17T13:06:21+00:00\",\"dateModified\":\"2026-04-15T15:24:02+00:00\",\"breadcrumb\":{\"@id\":\"https:\\\/\\\/araleart.com\\\/product\\\/lv-bunny-kate-moss\\\/#breadcrumb\"},\"inLanguage\":\"en-US\",\"potentialAction\":[{\"@type\":\"ReadAction\",\"target\":[\"https:\\\/\\\/araleart.com\\\/product\\\/lv-bunny-kate-moss\\\/\"]}]},{\"@type\":\"ImageObject\",\"inLanguage\":\"en-US\",\"@id\":\"https:\\\/\\\/araleart.com\\\/product\\\/lv-bunny-kate-moss\\\/#primaryimage\",\"url\":\"https:\\\/\\\/araleart.com\\\/wp-content\\\/uploads\\\/2020\\\/06\\\/LV-Bunny-KateMoss-web-arale-art.jpg\",\"contentUrl\":\"https:\\\/\\\/araleart.com\\\/wp-content\\\/uploads\\\/2020\\\/06\\\/LV-Bunny-KateMoss-web-arale-art.jpg\",\"width\":2156,\"height\":2156},{\"@type\":\"BreadcrumbList\",\"@id\":\"https:\\\/\\\/araleart.com\\\/product\\\/lv-bunny-kate-moss\\\/#breadcrumb\",\"itemListElement\":[{\"@type\":\"ListItem\",\"position\":1,\"name\":\"Home\",\"item\":\"https:\\\/\\\/araleart.com\\\/\"},{\"@type\":\"ListItem\",\"position\":2,\"name\":\"Shop\",\"item\":\"https:\\\/\\\/araleart.com\\\/shop\\\/\"},{\"@type\":\"ListItem\",\"position\":3,\"name\":\"LV-Bunny Kate Moss on Playboy cover\"}]},{\"@type\":\"WebSite\",\"@id\":\"https:\\\/\\\/araleart.com\\\/#website\",\"url\":\"https:\\\/\\\/araleart.com\\\/\",\"name\":\"Arale Art\",\"description\":\"Original Artwork, Modern bold pop art\",\"publisher\":{\"@id\":\"https:\\\/\\\/araleart.com\\\/#organization\"},\"potentialAction\":[{\"@type\":\"SearchAction\",\"target\":{\"@type\":\"EntryPoint\",\"urlTemplate\":\"https:\\\/\\\/araleart.com\\\/?s={search_term_string}\"},\"query-input\":{\"@type\":\"PropertyValueSpecification\",\"valueRequired\":true,\"valueName\":\"search_term_string\"}}],\"inLanguage\":\"en-US\"},{\"@type\":\"Organization\",\"@id\":\"https:\\\/\\\/araleart.com\\\/#organization\",\"name\":\"Arale Art\",\"url\":\"https:\\\/\\\/araleart.com\\\/\",\"logo\":{\"@type\":\"ImageObject\",\"inLanguage\":\"en-US\",\"@id\":\"https:\\\/\\\/araleart.com\\\/#\\\/schema\\\/logo\\\/image\\\/\",\"url\":\"https:\\\/\\\/araleart.com\\\/wp-content\\\/uploads\\\/2026\\\/03\\\/cropped-ARALE-ART-LOGO-400-black.png\",\"contentUrl\":\"https:\\\/\\\/araleart.com\\\/wp-content\\\/uploads\\\/2026\\\/03\\\/cropped-ARALE-ART-LOGO-400-black.png\",\"width\":376,\"height\":150,\"caption\":\"Arale Art\"},\"image\":{\"@id\":\"https:\\\/\\\/araleart.com\\\/#\\\/schema\\\/logo\\\/image\\\/\"},\"sameAs\":[\"https:\\\/\\\/www.instagram.com\\\/e.arale\\\/\"]}]}<\/script>\n<!-- \/ Yoast SEO plugin. -->","yoast_head_json":{"title":"LV-Bunny Kate Moss on Playboy cover - Arale Art","robots":{"index":"index","follow":"follow","max-snippet":"max-snippet:-1","max-image-preview":"max-image-preview:large","max-video-preview":"max-video-preview:-1"},"canonical":"https:\/\/araleart.com\/en\/product\/lv-bunny-kate-moss\/","og_locale":"en_US","og_type":"article","og_title":"LV-Bunny Kate Moss on Playboy cover - Arale Art","og_description":"Artista: ARALE ART\u00a9 T\u00e9cnica: Acr\u00edlico y pintura en aerosol sobre lienzo Medidas: 100 \u00d7 100 cm (3 cm de profundidad) A\u00f1o: 2025  - Terminada con barniz brillante - Pieza \u00fanica - Listo para colgar \u2013 Certificado de autenticidad del artista  *Marco no incluido","og_url":"https:\/\/araleart.com\/en\/product\/lv-bunny-kate-moss\/","og_site_name":"Arale Art","article_publisher":"https:\/\/www.instagram.com\/e.arale\/","article_modified_time":"2026-04-15T15:24:02+00:00","og_image":[{"width":2156,"height":2156,"url":"https:\/\/araleart.com\/wp-content\/uploads\/2020\/06\/LV-Bunny-KateMoss-web-arale-art.jpg","type":"image\/jpeg"}],"twitter_card":"summary_large_image","twitter_misc":{"Est. reading time":"1 minute"},"schema":{"@context":"https:\/\/schema.org","@graph":[{"@type":"WebPage","@id":"https:\/\/araleart.com\/product\/lv-bunny-kate-moss\/","url":"https:\/\/araleart.com\/product\/lv-bunny-kate-moss\/","name":"LV-Bunny Kate Moss on Playboy cover - Arale Art","isPartOf":{"@id":"https:\/\/araleart.com\/#website"},"primaryImageOfPage":{"@id":"https:\/\/araleart.com\/product\/lv-bunny-kate-moss\/#primaryimage"},"image":{"@id":"https:\/\/araleart.com\/product\/lv-bunny-kate-moss\/#primaryimage"},"thumbnailUrl":"https:\/\/araleart.com\/wp-content\/uploads\/2020\/06\/LV-Bunny-KateMoss-web-arale-art.jpg","datePublished":"2020-06-17T13:06:21+00:00","dateModified":"2026-04-15T15:24:02+00:00","breadcrumb":{"@id":"https:\/\/araleart.com\/product\/lv-bunny-kate-moss\/#breadcrumb"},"inLanguage":"en-US","potentialAction":[{"@type":"ReadAction","target":["https:\/\/araleart.com\/product\/lv-bunny-kate-moss\/"]}]},{"@type":"ImageObject","inLanguage":"en-US","@id":"https:\/\/araleart.com\/product\/lv-bunny-kate-moss\/#primaryimage","url":"https:\/\/araleart.com\/wp-content\/uploads\/2020\/06\/LV-Bunny-KateMoss-web-arale-art.jpg","contentUrl":"https:\/\/araleart.com\/wp-content\/uploads\/2020\/06\/LV-Bunny-KateMoss-web-arale-art.jpg","width":2156,"height":2156},{"@type":"BreadcrumbList","@id":"https:\/\/araleart.com\/product\/lv-bunny-kate-moss\/#breadcrumb","itemListElement":[{"@type":"ListItem","position":1,"name":"Home","item":"https:\/\/araleart.com\/"},{"@type":"ListItem","position":2,"name":"Shop","item":"https:\/\/araleart.com\/shop\/"},{"@type":"ListItem","position":3,"name":"LV-Bunny Kate Moss on Playboy cover"}]},{"@type":"WebSite","@id":"https:\/\/araleart.com\/#website","url":"https:\/\/araleart.com\/","name":"Arale Art","description":"Original Artwork, Modern bold pop art","publisher":{"@id":"https:\/\/araleart.com\/#organization"},"potentialAction":[{"@type":"SearchAction","target":{"@type":"EntryPoint","urlTemplate":"https:\/\/araleart.com\/?s={search_term_string}"},"query-input":{"@type":"PropertyValueSpecification","valueRequired":true,"valueName":"search_term_string"}}],"inLanguage":"en-US"},{"@type":"Organization","@id":"https:\/\/araleart.com\/#organization","name":"Arale Art","url":"https:\/\/araleart.com\/","logo":{"@type":"ImageObject","inLanguage":"en-US","@id":"https:\/\/araleart.com\/#\/schema\/logo\/image\/","url":"https:\/\/araleart.com\/wp-content\/uploads\/2026\/03\/cropped-ARALE-ART-LOGO-400-black.png","contentUrl":"https:\/\/araleart.com\/wp-content\/uploads\/2026\/03\/cropped-ARALE-ART-LOGO-400-black.png","width":376,"height":150,"caption":"Arale Art"},"image":{"@id":"https:\/\/araleart.com\/#\/schema\/logo\/image\/"},"sameAs":["https:\/\/www.instagram.com\/e.arale\/"]}]}},"jetpack_sharing_enabled":true,"_links":{"self":[{"href":"https:\/\/araleart.com\/en\/wp-json\/wp\/v2\/product\/162","targetHints":{"allow":["GET"]}}],"collection":[{"href":"https:\/\/araleart.com\/en\/wp-json\/wp\/v2\/product"}],"about":[{"href":"https:\/\/araleart.com\/en\/wp-json\/wp\/v2\/types\/product"}],"replies":[{"embeddable":true,"href":"https:\/\/araleart.com\/en\/wp-json\/wp\/v2\/comments?post=162"}],"wp:featuredmedia":[{"embeddable":true,"href":"https:\/\/araleart.com\/en\/wp-json\/wp\/v2\/media\/294"}],"wp:attachment":[{"href":"https:\/\/araleart.com\/en\/wp-json\/wp\/v2\/media?parent=162"}],"wp:term":[{"taxonomy":"product_brand","embeddable":true,"href":"https:\/\/araleart.com\/en\/wp-json\/wp\/v2\/product_brand?post=162"},{"taxonomy":"product_cat","embeddable":true,"href":"https:\/\/araleart.com\/en\/wp-json\/wp\/v2\/product_cat?post=162"},{"taxonomy":"product_tag","embeddable":true,"href":"https:\/\/araleart.com\/en\/wp-json\/wp\/v2\/product_tag?post=162"}],"curies":[{"name":"wp","href":"https:\/\/api.w.org\/{rel}","templated":true}]}}