{"id":295,"date":"2025-12-18T18:44:13","date_gmt":"2025-12-18T18:44:13","guid":{"rendered":"https:\/\/araleart.com\/?post_type=product&#038;p=295"},"modified":"2026-04-15T15:27:12","modified_gmt":"2026-04-15T15:27:12","slug":"lv-on-campbells-soup-can","status":"publish","type":"product","link":"https:\/\/araleart.com\/en\/product\/lv-on-campbells-soup-can\/","title":{"rendered":"LV on Campbell\u201ds soup can"},"content":{"rendered":"","protected":false},"excerpt":{"rendered":"<p>Artista: ARALE ART\u00a9<br \/>\nT\u00e9cnica: Acr\u00edlico y pintura en aerosol y serigraf\u00eda sobre lienzo<br \/>\nMedidas: 70 \u00d7 52 cm (3 cm de profundidad)<br \/>\nA\u00f1o: 2025<\/p>\n<p>&#8211; Terminada con barniz te\u00f1ido<br \/>\n&#8211; Pieza \u00fanica<br \/>\n&#8211; Listo para colgar<br \/>\n\u2013 Certificado de autenticidad del artista<\/p>","protected":false},"featured_media":298,"comment_status":"open","ping_status":"closed","template":"","meta":[],"product_brand":[],"product_cat":[21],"product_tag":[],"class_list":{"0":"post-295","1":"product","2":"type-product","3":"status-publish","4":"has-post-thumbnail","6":"product_cat-pop-culture","8":"first","9":"instock","10":"sold-individually","11":"shipping-taxable","12":"purchasable","13":"product-type-simple"},"yoast_head":"<!-- This site is optimized with the Yoast SEO plugin v27.4 - https:\/\/yoast.com\/product\/yoast-seo-wordpress\/ -->\n<title>LV on Campbell\u201ds soup can - Arale Art<\/title>\n<meta name=\"robots\" content=\"index, follow, max-snippet:-1, max-image-preview:large, max-video-preview:-1\" \/>\n<link rel=\"canonical\" href=\"https:\/\/araleart.com\/en\/product\/lv-on-campbells-soup-can\/\" \/>\n<meta property=\"og:locale\" content=\"en_US\" \/>\n<meta property=\"og:type\" content=\"article\" \/>\n<meta property=\"og:title\" content=\"LV on Campbell\u201ds soup can - Arale Art\" \/>\n<meta property=\"og:description\" content=\"Artista: ARALE ART\u00a9 T\u00e9cnica: Acr\u00edlico y pintura en aerosol y serigraf\u00eda sobre lienzo Medidas: 70 \u00d7 52 cm (3 cm de profundidad) A\u00f1o: 2025  - Terminada con barniz te\u00f1ido - Pieza \u00fanica - Listo para colgar \u2013 Certificado de autenticidad del artista\" \/>\n<meta property=\"og:url\" content=\"https:\/\/araleart.com\/en\/product\/lv-on-campbells-soup-can\/\" \/>\n<meta property=\"og:site_name\" content=\"Arale Art\" \/>\n<meta property=\"article:publisher\" content=\"https:\/\/www.instagram.com\/e.arale\/\" \/>\n<meta property=\"article:modified_time\" content=\"2026-04-15T15:27:12+00:00\" \/>\n<meta property=\"og:image\" content=\"https:\/\/araleart.com\/wp-content\/uploads\/2025\/12\/Mockup-Louis-Vuitton-ON-Campbells-can-soup-wall.jpg\" \/>\n\t<meta property=\"og:image:width\" content=\"2000\" \/>\n\t<meta property=\"og:image:height\" content=\"2000\" \/>\n\t<meta property=\"og:image:type\" content=\"image\/jpeg\" \/>\n<meta name=\"twitter:card\" content=\"summary_large_image\" \/>\n<meta name=\"twitter:label1\" content=\"Est. reading time\" \/>\n\t<meta name=\"twitter:data1\" content=\"1 minute\" \/>\n<script type=\"application\/ld+json\" class=\"yoast-schema-graph\">{\"@context\":\"https:\\\/\\\/schema.org\",\"@graph\":[{\"@type\":\"WebPage\",\"@id\":\"https:\\\/\\\/araleart.com\\\/product\\\/lv-on-campbells-soup-can\\\/\",\"url\":\"https:\\\/\\\/araleart.com\\\/product\\\/lv-on-campbells-soup-can\\\/\",\"name\":\"LV on Campbell\u201ds soup can - Arale Art\",\"isPartOf\":{\"@id\":\"https:\\\/\\\/araleart.com\\\/#website\"},\"primaryImageOfPage\":{\"@id\":\"https:\\\/\\\/araleart.com\\\/product\\\/lv-on-campbells-soup-can\\\/#primaryimage\"},\"image\":{\"@id\":\"https:\\\/\\\/araleart.com\\\/product\\\/lv-on-campbells-soup-can\\\/#primaryimage\"},\"thumbnailUrl\":\"https:\\\/\\\/araleart.com\\\/wp-content\\\/uploads\\\/2025\\\/12\\\/Mockup-Louis-Vuitton-ON-Campbells-can-soup-wall.jpg\",\"datePublished\":\"2025-12-18T18:44:13+00:00\",\"dateModified\":\"2026-04-15T15:27:12+00:00\",\"breadcrumb\":{\"@id\":\"https:\\\/\\\/araleart.com\\\/product\\\/lv-on-campbells-soup-can\\\/#breadcrumb\"},\"inLanguage\":\"en-US\",\"potentialAction\":[{\"@type\":\"ReadAction\",\"target\":[\"https:\\\/\\\/araleart.com\\\/product\\\/lv-on-campbells-soup-can\\\/\"]}]},{\"@type\":\"ImageObject\",\"inLanguage\":\"en-US\",\"@id\":\"https:\\\/\\\/araleart.com\\\/product\\\/lv-on-campbells-soup-can\\\/#primaryimage\",\"url\":\"https:\\\/\\\/araleart.com\\\/wp-content\\\/uploads\\\/2025\\\/12\\\/Mockup-Louis-Vuitton-ON-Campbells-can-soup-wall.jpg\",\"contentUrl\":\"https:\\\/\\\/araleart.com\\\/wp-content\\\/uploads\\\/2025\\\/12\\\/Mockup-Louis-Vuitton-ON-Campbells-can-soup-wall.jpg\",\"width\":2000,\"height\":2000},{\"@type\":\"BreadcrumbList\",\"@id\":\"https:\\\/\\\/araleart.com\\\/product\\\/lv-on-campbells-soup-can\\\/#breadcrumb\",\"itemListElement\":[{\"@type\":\"ListItem\",\"position\":1,\"name\":\"Home\",\"item\":\"https:\\\/\\\/araleart.com\\\/\"},{\"@type\":\"ListItem\",\"position\":2,\"name\":\"Shop\",\"item\":\"https:\\\/\\\/araleart.com\\\/shop\\\/\"},{\"@type\":\"ListItem\",\"position\":3,\"name\":\"LV on Campbell\u201ds soup can\"}]},{\"@type\":\"WebSite\",\"@id\":\"https:\\\/\\\/araleart.com\\\/#website\",\"url\":\"https:\\\/\\\/araleart.com\\\/\",\"name\":\"Arale Art\",\"description\":\"Original Artwork, Modern bold pop art\",\"publisher\":{\"@id\":\"https:\\\/\\\/araleart.com\\\/#organization\"},\"potentialAction\":[{\"@type\":\"SearchAction\",\"target\":{\"@type\":\"EntryPoint\",\"urlTemplate\":\"https:\\\/\\\/araleart.com\\\/?s={search_term_string}\"},\"query-input\":{\"@type\":\"PropertyValueSpecification\",\"valueRequired\":true,\"valueName\":\"search_term_string\"}}],\"inLanguage\":\"en-US\"},{\"@type\":\"Organization\",\"@id\":\"https:\\\/\\\/araleart.com\\\/#organization\",\"name\":\"Arale Art\",\"url\":\"https:\\\/\\\/araleart.com\\\/\",\"logo\":{\"@type\":\"ImageObject\",\"inLanguage\":\"en-US\",\"@id\":\"https:\\\/\\\/araleart.com\\\/#\\\/schema\\\/logo\\\/image\\\/\",\"url\":\"https:\\\/\\\/araleart.com\\\/wp-content\\\/uploads\\\/2026\\\/03\\\/cropped-ARALE-ART-LOGO-400-black.png\",\"contentUrl\":\"https:\\\/\\\/araleart.com\\\/wp-content\\\/uploads\\\/2026\\\/03\\\/cropped-ARALE-ART-LOGO-400-black.png\",\"width\":376,\"height\":150,\"caption\":\"Arale Art\"},\"image\":{\"@id\":\"https:\\\/\\\/araleart.com\\\/#\\\/schema\\\/logo\\\/image\\\/\"},\"sameAs\":[\"https:\\\/\\\/www.instagram.com\\\/e.arale\\\/\"]}]}<\/script>\n<!-- \/ Yoast SEO plugin. -->","yoast_head_json":{"title":"LV on Campbell\u201ds soup can - Arale Art","robots":{"index":"index","follow":"follow","max-snippet":"max-snippet:-1","max-image-preview":"max-image-preview:large","max-video-preview":"max-video-preview:-1"},"canonical":"https:\/\/araleart.com\/en\/product\/lv-on-campbells-soup-can\/","og_locale":"en_US","og_type":"article","og_title":"LV on Campbell\u201ds soup can - Arale Art","og_description":"Artista: ARALE ART\u00a9 T\u00e9cnica: Acr\u00edlico y pintura en aerosol y serigraf\u00eda sobre lienzo Medidas: 70 \u00d7 52 cm (3 cm de profundidad) A\u00f1o: 2025  - Terminada con barniz te\u00f1ido - Pieza \u00fanica - Listo para colgar \u2013 Certificado de autenticidad del artista","og_url":"https:\/\/araleart.com\/en\/product\/lv-on-campbells-soup-can\/","og_site_name":"Arale Art","article_publisher":"https:\/\/www.instagram.com\/e.arale\/","article_modified_time":"2026-04-15T15:27:12+00:00","og_image":[{"width":2000,"height":2000,"url":"https:\/\/araleart.com\/wp-content\/uploads\/2025\/12\/Mockup-Louis-Vuitton-ON-Campbells-can-soup-wall.jpg","type":"image\/jpeg"}],"twitter_card":"summary_large_image","twitter_misc":{"Est. reading time":"1 minute"},"schema":{"@context":"https:\/\/schema.org","@graph":[{"@type":"WebPage","@id":"https:\/\/araleart.com\/product\/lv-on-campbells-soup-can\/","url":"https:\/\/araleart.com\/product\/lv-on-campbells-soup-can\/","name":"LV on Campbell\u201ds soup can - Arale Art","isPartOf":{"@id":"https:\/\/araleart.com\/#website"},"primaryImageOfPage":{"@id":"https:\/\/araleart.com\/product\/lv-on-campbells-soup-can\/#primaryimage"},"image":{"@id":"https:\/\/araleart.com\/product\/lv-on-campbells-soup-can\/#primaryimage"},"thumbnailUrl":"https:\/\/araleart.com\/wp-content\/uploads\/2025\/12\/Mockup-Louis-Vuitton-ON-Campbells-can-soup-wall.jpg","datePublished":"2025-12-18T18:44:13+00:00","dateModified":"2026-04-15T15:27:12+00:00","breadcrumb":{"@id":"https:\/\/araleart.com\/product\/lv-on-campbells-soup-can\/#breadcrumb"},"inLanguage":"en-US","potentialAction":[{"@type":"ReadAction","target":["https:\/\/araleart.com\/product\/lv-on-campbells-soup-can\/"]}]},{"@type":"ImageObject","inLanguage":"en-US","@id":"https:\/\/araleart.com\/product\/lv-on-campbells-soup-can\/#primaryimage","url":"https:\/\/araleart.com\/wp-content\/uploads\/2025\/12\/Mockup-Louis-Vuitton-ON-Campbells-can-soup-wall.jpg","contentUrl":"https:\/\/araleart.com\/wp-content\/uploads\/2025\/12\/Mockup-Louis-Vuitton-ON-Campbells-can-soup-wall.jpg","width":2000,"height":2000},{"@type":"BreadcrumbList","@id":"https:\/\/araleart.com\/product\/lv-on-campbells-soup-can\/#breadcrumb","itemListElement":[{"@type":"ListItem","position":1,"name":"Home","item":"https:\/\/araleart.com\/"},{"@type":"ListItem","position":2,"name":"Shop","item":"https:\/\/araleart.com\/shop\/"},{"@type":"ListItem","position":3,"name":"LV on Campbell\u201ds soup can"}]},{"@type":"WebSite","@id":"https:\/\/araleart.com\/#website","url":"https:\/\/araleart.com\/","name":"Arale Art","description":"Original Artwork, Modern bold pop art","publisher":{"@id":"https:\/\/araleart.com\/#organization"},"potentialAction":[{"@type":"SearchAction","target":{"@type":"EntryPoint","urlTemplate":"https:\/\/araleart.com\/?s={search_term_string}"},"query-input":{"@type":"PropertyValueSpecification","valueRequired":true,"valueName":"search_term_string"}}],"inLanguage":"en-US"},{"@type":"Organization","@id":"https:\/\/araleart.com\/#organization","name":"Arale Art","url":"https:\/\/araleart.com\/","logo":{"@type":"ImageObject","inLanguage":"en-US","@id":"https:\/\/araleart.com\/#\/schema\/logo\/image\/","url":"https:\/\/araleart.com\/wp-content\/uploads\/2026\/03\/cropped-ARALE-ART-LOGO-400-black.png","contentUrl":"https:\/\/araleart.com\/wp-content\/uploads\/2026\/03\/cropped-ARALE-ART-LOGO-400-black.png","width":376,"height":150,"caption":"Arale Art"},"image":{"@id":"https:\/\/araleart.com\/#\/schema\/logo\/image\/"},"sameAs":["https:\/\/www.instagram.com\/e.arale\/"]}]}},"jetpack_sharing_enabled":true,"_links":{"self":[{"href":"https:\/\/araleart.com\/en\/wp-json\/wp\/v2\/product\/295","targetHints":{"allow":["GET"]}}],"collection":[{"href":"https:\/\/araleart.com\/en\/wp-json\/wp\/v2\/product"}],"about":[{"href":"https:\/\/araleart.com\/en\/wp-json\/wp\/v2\/types\/product"}],"replies":[{"embeddable":true,"href":"https:\/\/araleart.com\/en\/wp-json\/wp\/v2\/comments?post=295"}],"wp:featuredmedia":[{"embeddable":true,"href":"https:\/\/araleart.com\/en\/wp-json\/wp\/v2\/media\/298"}],"wp:attachment":[{"href":"https:\/\/araleart.com\/en\/wp-json\/wp\/v2\/media?parent=295"}],"wp:term":[{"taxonomy":"product_brand","embeddable":true,"href":"https:\/\/araleart.com\/en\/wp-json\/wp\/v2\/product_brand?post=295"},{"taxonomy":"product_cat","embeddable":true,"href":"https:\/\/araleart.com\/en\/wp-json\/wp\/v2\/product_cat?post=295"},{"taxonomy":"product_tag","embeddable":true,"href":"https:\/\/araleart.com\/en\/wp-json\/wp\/v2\/product_tag?post=295"}],"curies":[{"name":"wp","href":"https:\/\/api.w.org\/{rel}","templated":true}]}}