{"id":55,"date":"2020-06-17T12:44:43","date_gmt":"2020-06-17T12:44:43","guid":{"rendered":"https:\/\/araleart.com\/?post_type=product&#038;p=55"},"modified":"2026-04-08T13:05:55","modified_gmt":"2026-04-08T13:05:55","slug":"ayrton-senna-the-final-victory","status":"publish","type":"product","link":"https:\/\/araleart.com\/en\/product\/ayrton-senna-the-final-victory\/","title":{"rendered":"Ayrton Senna &#8211; The Final Victory"},"content":{"rendered":"<p>\u201cLa Victoria Final\u201d retrata v\u00edvidamente la euforia del triunfo en el automovilismo, con el legendario Ayrton Senna al volante de su McLaren en 1991. Esta obra captura un momento de celebraci\u00f3n, con Senna celebrando la victoria con exuberancia sobre un fondo din\u00e1mico de salpicaduras y colores vibrantes. Los intrincados detalles del auto de carreras, combinados con la en\u00e9rgica escena, transmiten una palpable sensaci\u00f3n de velocidad y logro. Ideal para cualquier entusiasta de las carreras, esta pieza aporta una descarga de adrenalina y pasi\u00f3n a su espacio, convirti\u00e9ndola en una incorporaci\u00f3n impactante a su colecci\u00f3n.<\/p>","protected":false},"excerpt":{"rendered":"<p><strong>Artista:<\/strong> ARALE ART\u00a9<br \/>\n<strong>T\u00e9cnica:<\/strong> Acr\u00edlico y pintura en aerosol sobre lienzo<br \/>\n<strong>Dimensiones:<\/strong> 90 \u00d7 90 cm (3 cm de profundidad)<br \/>\n<strong>A\u00f1o:<\/strong> 2025<\/p>\n<p>&#8211; Terminada con barniz brillante<br \/>\n&#8211; Pieza \u00fanica<br \/>\n&#8211; Listo para colgar<\/p>","protected":false},"featured_media":258,"comment_status":"open","ping_status":"closed","template":"","meta":[],"product_brand":[],"product_cat":[22,21],"product_tag":[],"class_list":{"0":"post-55","1":"product","2":"type-product","3":"status-publish","4":"has-post-thumbnail","6":"product_cat-motorsport-art","7":"product_cat-pop-culture","9":"first","10":"outofstock","11":"sold-individually","12":"shipping-taxable","13":"purchasable","14":"product-type-simple"},"yoast_head":"<!-- This site is optimized with the Yoast SEO plugin v27.4 - https:\/\/yoast.com\/product\/yoast-seo-wordpress\/ -->\n<title>Ayrton Senna - The Final Victory - Arale Art<\/title>\n<meta name=\"robots\" content=\"index, follow, max-snippet:-1, max-image-preview:large, max-video-preview:-1\" \/>\n<link rel=\"canonical\" href=\"https:\/\/araleart.com\/en\/product\/ayrton-senna-the-final-victory\/\" \/>\n<meta property=\"og:locale\" content=\"en_US\" \/>\n<meta property=\"og:type\" content=\"article\" \/>\n<meta property=\"og:title\" content=\"Ayrton Senna - The Final Victory - Arale Art\" \/>\n<meta property=\"og:description\" content=\"Artista: ARALE ART\u00a9 T\u00e9cnica: Acr\u00edlico y pintura en aerosol sobre lienzo Dimensiones: 90 \u00d7 90 cm (3 cm de profundidad) A\u00f1o: 2025  - Terminada con barniz brillante - Pieza \u00fanica - Listo para colgar\" \/>\n<meta property=\"og:url\" content=\"https:\/\/araleart.com\/en\/product\/ayrton-senna-the-final-victory\/\" \/>\n<meta property=\"og:site_name\" content=\"Arale Art\" \/>\n<meta property=\"article:publisher\" content=\"https:\/\/www.instagram.com\/e.arale\/\" \/>\n<meta property=\"article:modified_time\" content=\"2026-04-08T13:05:55+00:00\" \/>\n<meta property=\"og:image\" content=\"https:\/\/araleart.com\/wp-content\/uploads\/2020\/06\/ayrton-senna-CROP.jpg\" \/>\n\t<meta property=\"og:image:width\" content=\"1737\" \/>\n\t<meta property=\"og:image:height\" content=\"1737\" \/>\n\t<meta property=\"og:image:type\" content=\"image\/jpeg\" \/>\n<meta name=\"twitter:card\" content=\"summary_large_image\" \/>\n<meta name=\"twitter:label1\" content=\"Est. reading time\" \/>\n\t<meta name=\"twitter:data1\" content=\"1 minute\" \/>\n<script type=\"application\/ld+json\" class=\"yoast-schema-graph\">{\"@context\":\"https:\\\/\\\/schema.org\",\"@graph\":[{\"@type\":\"WebPage\",\"@id\":\"https:\\\/\\\/araleart.com\\\/product\\\/ayrton-senna-the-final-victory\\\/\",\"url\":\"https:\\\/\\\/araleart.com\\\/product\\\/ayrton-senna-the-final-victory\\\/\",\"name\":\"Ayrton Senna - The Final Victory - Arale Art\",\"isPartOf\":{\"@id\":\"https:\\\/\\\/araleart.com\\\/#website\"},\"primaryImageOfPage\":{\"@id\":\"https:\\\/\\\/araleart.com\\\/product\\\/ayrton-senna-the-final-victory\\\/#primaryimage\"},\"image\":{\"@id\":\"https:\\\/\\\/araleart.com\\\/product\\\/ayrton-senna-the-final-victory\\\/#primaryimage\"},\"thumbnailUrl\":\"https:\\\/\\\/araleart.com\\\/wp-content\\\/uploads\\\/2020\\\/06\\\/ayrton-senna-CROP.jpg\",\"datePublished\":\"2020-06-17T12:44:43+00:00\",\"dateModified\":\"2026-04-08T13:05:55+00:00\",\"breadcrumb\":{\"@id\":\"https:\\\/\\\/araleart.com\\\/product\\\/ayrton-senna-the-final-victory\\\/#breadcrumb\"},\"inLanguage\":\"en-US\",\"potentialAction\":[{\"@type\":\"ReadAction\",\"target\":[\"https:\\\/\\\/araleart.com\\\/product\\\/ayrton-senna-the-final-victory\\\/\"]}]},{\"@type\":\"ImageObject\",\"inLanguage\":\"en-US\",\"@id\":\"https:\\\/\\\/araleart.com\\\/product\\\/ayrton-senna-the-final-victory\\\/#primaryimage\",\"url\":\"https:\\\/\\\/araleart.com\\\/wp-content\\\/uploads\\\/2020\\\/06\\\/ayrton-senna-CROP.jpg\",\"contentUrl\":\"https:\\\/\\\/araleart.com\\\/wp-content\\\/uploads\\\/2020\\\/06\\\/ayrton-senna-CROP.jpg\",\"width\":1737,\"height\":1737},{\"@type\":\"BreadcrumbList\",\"@id\":\"https:\\\/\\\/araleart.com\\\/product\\\/ayrton-senna-the-final-victory\\\/#breadcrumb\",\"itemListElement\":[{\"@type\":\"ListItem\",\"position\":1,\"name\":\"Home\",\"item\":\"https:\\\/\\\/araleart.com\\\/\"},{\"@type\":\"ListItem\",\"position\":2,\"name\":\"Shop\",\"item\":\"https:\\\/\\\/araleart.com\\\/shop\\\/\"},{\"@type\":\"ListItem\",\"position\":3,\"name\":\"Ayrton Senna &#8211; The Final Victory\"}]},{\"@type\":\"WebSite\",\"@id\":\"https:\\\/\\\/araleart.com\\\/#website\",\"url\":\"https:\\\/\\\/araleart.com\\\/\",\"name\":\"Arale Art\",\"description\":\"Original Artwork, Modern bold pop art\",\"publisher\":{\"@id\":\"https:\\\/\\\/araleart.com\\\/#organization\"},\"potentialAction\":[{\"@type\":\"SearchAction\",\"target\":{\"@type\":\"EntryPoint\",\"urlTemplate\":\"https:\\\/\\\/araleart.com\\\/?s={search_term_string}\"},\"query-input\":{\"@type\":\"PropertyValueSpecification\",\"valueRequired\":true,\"valueName\":\"search_term_string\"}}],\"inLanguage\":\"en-US\"},{\"@type\":\"Organization\",\"@id\":\"https:\\\/\\\/araleart.com\\\/#organization\",\"name\":\"Arale Art\",\"url\":\"https:\\\/\\\/araleart.com\\\/\",\"logo\":{\"@type\":\"ImageObject\",\"inLanguage\":\"en-US\",\"@id\":\"https:\\\/\\\/araleart.com\\\/#\\\/schema\\\/logo\\\/image\\\/\",\"url\":\"https:\\\/\\\/araleart.com\\\/wp-content\\\/uploads\\\/2026\\\/03\\\/cropped-ARALE-ART-LOGO-400-black.png\",\"contentUrl\":\"https:\\\/\\\/araleart.com\\\/wp-content\\\/uploads\\\/2026\\\/03\\\/cropped-ARALE-ART-LOGO-400-black.png\",\"width\":376,\"height\":150,\"caption\":\"Arale Art\"},\"image\":{\"@id\":\"https:\\\/\\\/araleart.com\\\/#\\\/schema\\\/logo\\\/image\\\/\"},\"sameAs\":[\"https:\\\/\\\/www.instagram.com\\\/e.arale\\\/\"]}]}<\/script>\n<!-- \/ Yoast SEO plugin. -->","yoast_head_json":{"title":"Ayrton Senna - The Final Victory - Arale Art","robots":{"index":"index","follow":"follow","max-snippet":"max-snippet:-1","max-image-preview":"max-image-preview:large","max-video-preview":"max-video-preview:-1"},"canonical":"https:\/\/araleart.com\/en\/product\/ayrton-senna-the-final-victory\/","og_locale":"en_US","og_type":"article","og_title":"Ayrton Senna - The Final Victory - Arale Art","og_description":"Artista: ARALE ART\u00a9 T\u00e9cnica: Acr\u00edlico y pintura en aerosol sobre lienzo Dimensiones: 90 \u00d7 90 cm (3 cm de profundidad) A\u00f1o: 2025  - Terminada con barniz brillante - Pieza \u00fanica - Listo para colgar","og_url":"https:\/\/araleart.com\/en\/product\/ayrton-senna-the-final-victory\/","og_site_name":"Arale Art","article_publisher":"https:\/\/www.instagram.com\/e.arale\/","article_modified_time":"2026-04-08T13:05:55+00:00","og_image":[{"width":1737,"height":1737,"url":"https:\/\/araleart.com\/wp-content\/uploads\/2020\/06\/ayrton-senna-CROP.jpg","type":"image\/jpeg"}],"twitter_card":"summary_large_image","twitter_misc":{"Est. reading time":"1 minute"},"schema":{"@context":"https:\/\/schema.org","@graph":[{"@type":"WebPage","@id":"https:\/\/araleart.com\/product\/ayrton-senna-the-final-victory\/","url":"https:\/\/araleart.com\/product\/ayrton-senna-the-final-victory\/","name":"Ayrton Senna - The Final Victory - Arale Art","isPartOf":{"@id":"https:\/\/araleart.com\/#website"},"primaryImageOfPage":{"@id":"https:\/\/araleart.com\/product\/ayrton-senna-the-final-victory\/#primaryimage"},"image":{"@id":"https:\/\/araleart.com\/product\/ayrton-senna-the-final-victory\/#primaryimage"},"thumbnailUrl":"https:\/\/araleart.com\/wp-content\/uploads\/2020\/06\/ayrton-senna-CROP.jpg","datePublished":"2020-06-17T12:44:43+00:00","dateModified":"2026-04-08T13:05:55+00:00","breadcrumb":{"@id":"https:\/\/araleart.com\/product\/ayrton-senna-the-final-victory\/#breadcrumb"},"inLanguage":"en-US","potentialAction":[{"@type":"ReadAction","target":["https:\/\/araleart.com\/product\/ayrton-senna-the-final-victory\/"]}]},{"@type":"ImageObject","inLanguage":"en-US","@id":"https:\/\/araleart.com\/product\/ayrton-senna-the-final-victory\/#primaryimage","url":"https:\/\/araleart.com\/wp-content\/uploads\/2020\/06\/ayrton-senna-CROP.jpg","contentUrl":"https:\/\/araleart.com\/wp-content\/uploads\/2020\/06\/ayrton-senna-CROP.jpg","width":1737,"height":1737},{"@type":"BreadcrumbList","@id":"https:\/\/araleart.com\/product\/ayrton-senna-the-final-victory\/#breadcrumb","itemListElement":[{"@type":"ListItem","position":1,"name":"Home","item":"https:\/\/araleart.com\/"},{"@type":"ListItem","position":2,"name":"Shop","item":"https:\/\/araleart.com\/shop\/"},{"@type":"ListItem","position":3,"name":"Ayrton Senna &#8211; The Final Victory"}]},{"@type":"WebSite","@id":"https:\/\/araleart.com\/#website","url":"https:\/\/araleart.com\/","name":"Arale Art","description":"Original Artwork, Modern bold pop art","publisher":{"@id":"https:\/\/araleart.com\/#organization"},"potentialAction":[{"@type":"SearchAction","target":{"@type":"EntryPoint","urlTemplate":"https:\/\/araleart.com\/?s={search_term_string}"},"query-input":{"@type":"PropertyValueSpecification","valueRequired":true,"valueName":"search_term_string"}}],"inLanguage":"en-US"},{"@type":"Organization","@id":"https:\/\/araleart.com\/#organization","name":"Arale Art","url":"https:\/\/araleart.com\/","logo":{"@type":"ImageObject","inLanguage":"en-US","@id":"https:\/\/araleart.com\/#\/schema\/logo\/image\/","url":"https:\/\/araleart.com\/wp-content\/uploads\/2026\/03\/cropped-ARALE-ART-LOGO-400-black.png","contentUrl":"https:\/\/araleart.com\/wp-content\/uploads\/2026\/03\/cropped-ARALE-ART-LOGO-400-black.png","width":376,"height":150,"caption":"Arale Art"},"image":{"@id":"https:\/\/araleart.com\/#\/schema\/logo\/image\/"},"sameAs":["https:\/\/www.instagram.com\/e.arale\/"]}]}},"jetpack_sharing_enabled":true,"_links":{"self":[{"href":"https:\/\/araleart.com\/en\/wp-json\/wp\/v2\/product\/55","targetHints":{"allow":["GET"]}}],"collection":[{"href":"https:\/\/araleart.com\/en\/wp-json\/wp\/v2\/product"}],"about":[{"href":"https:\/\/araleart.com\/en\/wp-json\/wp\/v2\/types\/product"}],"replies":[{"embeddable":true,"href":"https:\/\/araleart.com\/en\/wp-json\/wp\/v2\/comments?post=55"}],"wp:featuredmedia":[{"embeddable":true,"href":"https:\/\/araleart.com\/en\/wp-json\/wp\/v2\/media\/258"}],"wp:attachment":[{"href":"https:\/\/araleart.com\/en\/wp-json\/wp\/v2\/media?parent=55"}],"wp:term":[{"taxonomy":"product_brand","embeddable":true,"href":"https:\/\/araleart.com\/en\/wp-json\/wp\/v2\/product_brand?post=55"},{"taxonomy":"product_cat","embeddable":true,"href":"https:\/\/araleart.com\/en\/wp-json\/wp\/v2\/product_cat?post=55"},{"taxonomy":"product_tag","embeddable":true,"href":"https:\/\/araleart.com\/en\/wp-json\/wp\/v2\/product_tag?post=55"}],"curies":[{"name":"wp","href":"https:\/\/api.w.org\/{rel}","templated":true}]}}