{"id":61,"date":"2020-06-17T12:57:42","date_gmt":"2020-06-17T12:57:42","guid":{"rendered":"https:\/\/araleart.com\/?post_type=product&#038;p=61"},"modified":"2026-04-15T16:18:53","modified_gmt":"2026-04-15T16:18:53","slug":"elvis-on-popeye-cans-arale-art","status":"publish","type":"product","link":"https:\/\/araleart.com\/en\/product\/elvis-on-popeye-cans-arale-art\/","title":{"rendered":"Elvis on Popeye Cans"},"content":{"rendered":"<p>\u201cElvis on Popeye Cans\u201d presenta una impactante reinterpretaci\u00f3n de Elvis Presley, inspirada en las ic\u00f3nicas im\u00e1genes de los a\u00f1os 60 creadas por Andy Warhol. Sobre un fondo r\u00edtmico de motivos de latas reinventadas, la obra equilibra una iconograf\u00eda audaz con una abstracci\u00f3n texturizada, creando una composici\u00f3n que resulta a la vez familiar y marcadamente contempor\u00e1nea.<\/p>","protected":false},"excerpt":{"rendered":"<p>Artista: ARALE ART\u00a9<br \/>\nT\u00e9cnica: Acr\u00edlico y pintura en aerosol sobre lienzo<br \/>\nMedidas: 96 \u00d7 96 cm (3 cm de profundidad)<br \/>\nA\u00f1o: 2025<\/p>\n<p>\u2013 Terminada con barniz brillante<br \/>\n\u2013 Pieza \u00fanica<br \/>\n\u2013 Listo para colgar<br \/>\n\u2013 Certificado de autenticidad del artista<\/p>\n<p><em>*Marco no incluido<br \/>\n*Esta obra de arte se puede encargar en cualquier otro color y cambiar los elementos del fondo o a\u00f1adir cualquier tipograf\u00eda.<br \/>\n<\/em><\/p>","protected":false},"featured_media":271,"comment_status":"open","ping_status":"closed","template":"","meta":[],"product_brand":[],"product_cat":[21],"product_tag":[],"class_list":{"0":"post-61","1":"product","2":"type-product","3":"status-publish","4":"has-post-thumbnail","6":"product_cat-pop-culture","8":"first","9":"instock","10":"sold-individually","11":"shipping-taxable","12":"purchasable","13":"product-type-simple"},"yoast_head":"<!-- This site is optimized with the Yoast SEO plugin v27.4 - https:\/\/yoast.com\/product\/yoast-seo-wordpress\/ -->\n<title>Elvis on Popeye Cans - Arale Art<\/title>\n<meta name=\"description\" content=\"Unic\" \/>\n<meta name=\"robots\" content=\"index, follow, max-snippet:-1, max-image-preview:large, max-video-preview:-1\" \/>\n<link rel=\"canonical\" href=\"https:\/\/araleart.com\/en\/product\/elvis-on-popeye-cans-arale-art\/\" \/>\n<meta property=\"og:locale\" content=\"en_US\" \/>\n<meta property=\"og:type\" content=\"article\" \/>\n<meta property=\"og:title\" content=\"Elvis on Popeye Cans - Arale Art\" \/>\n<meta property=\"og:description\" content=\"Unic\" \/>\n<meta property=\"og:url\" content=\"https:\/\/araleart.com\/en\/product\/elvis-on-popeye-cans-arale-art\/\" \/>\n<meta property=\"og:site_name\" content=\"Arale Art\" \/>\n<meta property=\"article:publisher\" content=\"https:\/\/www.instagram.com\/e.arale\/\" \/>\n<meta property=\"article:modified_time\" content=\"2026-04-15T16:18:53+00:00\" \/>\n<meta property=\"og:image\" content=\"https:\/\/araleart.com\/wp-content\/uploads\/2020\/06\/Elvis-on-popeye-cans-Arale-art.jpg\" \/>\n\t<meta property=\"og:image:width\" content=\"2100\" \/>\n\t<meta property=\"og:image:height\" content=\"2100\" \/>\n\t<meta property=\"og:image:type\" content=\"image\/jpeg\" \/>\n<meta name=\"twitter:card\" content=\"summary_large_image\" \/>\n<meta name=\"twitter:label1\" content=\"Est. reading time\" \/>\n\t<meta name=\"twitter:data1\" content=\"1 minute\" \/>\n<script type=\"application\/ld+json\" class=\"yoast-schema-graph\">{\"@context\":\"https:\\\/\\\/schema.org\",\"@graph\":[{\"@type\":\"WebPage\",\"@id\":\"https:\\\/\\\/araleart.com\\\/product\\\/elvis-on-popeye-cans-arale-art\\\/\",\"url\":\"https:\\\/\\\/araleart.com\\\/product\\\/elvis-on-popeye-cans-arale-art\\\/\",\"name\":\"Elvis on Popeye Cans - Arale Art\",\"isPartOf\":{\"@id\":\"https:\\\/\\\/araleart.com\\\/#website\"},\"primaryImageOfPage\":{\"@id\":\"https:\\\/\\\/araleart.com\\\/product\\\/elvis-on-popeye-cans-arale-art\\\/#primaryimage\"},\"image\":{\"@id\":\"https:\\\/\\\/araleart.com\\\/product\\\/elvis-on-popeye-cans-arale-art\\\/#primaryimage\"},\"thumbnailUrl\":\"https:\\\/\\\/araleart.com\\\/wp-content\\\/uploads\\\/2020\\\/06\\\/Elvis-on-popeye-cans-Arale-art.jpg\",\"datePublished\":\"2020-06-17T12:57:42+00:00\",\"dateModified\":\"2026-04-15T16:18:53+00:00\",\"description\":\"Unic\",\"breadcrumb\":{\"@id\":\"https:\\\/\\\/araleart.com\\\/product\\\/elvis-on-popeye-cans-arale-art\\\/#breadcrumb\"},\"inLanguage\":\"en-US\",\"potentialAction\":[{\"@type\":\"ReadAction\",\"target\":[\"https:\\\/\\\/araleart.com\\\/product\\\/elvis-on-popeye-cans-arale-art\\\/\"]}]},{\"@type\":\"ImageObject\",\"inLanguage\":\"en-US\",\"@id\":\"https:\\\/\\\/araleart.com\\\/product\\\/elvis-on-popeye-cans-arale-art\\\/#primaryimage\",\"url\":\"https:\\\/\\\/araleart.com\\\/wp-content\\\/uploads\\\/2020\\\/06\\\/Elvis-on-popeye-cans-Arale-art.jpg\",\"contentUrl\":\"https:\\\/\\\/araleart.com\\\/wp-content\\\/uploads\\\/2020\\\/06\\\/Elvis-on-popeye-cans-Arale-art.jpg\",\"width\":2100,\"height\":2100},{\"@type\":\"BreadcrumbList\",\"@id\":\"https:\\\/\\\/araleart.com\\\/product\\\/elvis-on-popeye-cans-arale-art\\\/#breadcrumb\",\"itemListElement\":[{\"@type\":\"ListItem\",\"position\":1,\"name\":\"Home\",\"item\":\"https:\\\/\\\/araleart.com\\\/\"},{\"@type\":\"ListItem\",\"position\":2,\"name\":\"Shop\",\"item\":\"https:\\\/\\\/araleart.com\\\/shop\\\/\"},{\"@type\":\"ListItem\",\"position\":3,\"name\":\"Elvis on Popeye Cans\"}]},{\"@type\":\"WebSite\",\"@id\":\"https:\\\/\\\/araleart.com\\\/#website\",\"url\":\"https:\\\/\\\/araleart.com\\\/\",\"name\":\"Arale Art\",\"description\":\"Original Artwork, Modern bold pop art\",\"publisher\":{\"@id\":\"https:\\\/\\\/araleart.com\\\/#organization\"},\"potentialAction\":[{\"@type\":\"SearchAction\",\"target\":{\"@type\":\"EntryPoint\",\"urlTemplate\":\"https:\\\/\\\/araleart.com\\\/?s={search_term_string}\"},\"query-input\":{\"@type\":\"PropertyValueSpecification\",\"valueRequired\":true,\"valueName\":\"search_term_string\"}}],\"inLanguage\":\"en-US\"},{\"@type\":\"Organization\",\"@id\":\"https:\\\/\\\/araleart.com\\\/#organization\",\"name\":\"Arale Art\",\"url\":\"https:\\\/\\\/araleart.com\\\/\",\"logo\":{\"@type\":\"ImageObject\",\"inLanguage\":\"en-US\",\"@id\":\"https:\\\/\\\/araleart.com\\\/#\\\/schema\\\/logo\\\/image\\\/\",\"url\":\"https:\\\/\\\/araleart.com\\\/wp-content\\\/uploads\\\/2026\\\/03\\\/cropped-ARALE-ART-LOGO-400-black.png\",\"contentUrl\":\"https:\\\/\\\/araleart.com\\\/wp-content\\\/uploads\\\/2026\\\/03\\\/cropped-ARALE-ART-LOGO-400-black.png\",\"width\":376,\"height\":150,\"caption\":\"Arale Art\"},\"image\":{\"@id\":\"https:\\\/\\\/araleart.com\\\/#\\\/schema\\\/logo\\\/image\\\/\"},\"sameAs\":[\"https:\\\/\\\/www.instagram.com\\\/e.arale\\\/\"]}]}<\/script>\n<!-- \/ Yoast SEO plugin. -->","yoast_head_json":{"title":"Elvis on Popeye Cans - Arale Art","description":"Unic","robots":{"index":"index","follow":"follow","max-snippet":"max-snippet:-1","max-image-preview":"max-image-preview:large","max-video-preview":"max-video-preview:-1"},"canonical":"https:\/\/araleart.com\/en\/product\/elvis-on-popeye-cans-arale-art\/","og_locale":"en_US","og_type":"article","og_title":"Elvis on Popeye Cans - Arale Art","og_description":"Unic","og_url":"https:\/\/araleart.com\/en\/product\/elvis-on-popeye-cans-arale-art\/","og_site_name":"Arale Art","article_publisher":"https:\/\/www.instagram.com\/e.arale\/","article_modified_time":"2026-04-15T16:18:53+00:00","og_image":[{"width":2100,"height":2100,"url":"https:\/\/araleart.com\/wp-content\/uploads\/2020\/06\/Elvis-on-popeye-cans-Arale-art.jpg","type":"image\/jpeg"}],"twitter_card":"summary_large_image","twitter_misc":{"Est. reading time":"1 minute"},"schema":{"@context":"https:\/\/schema.org","@graph":[{"@type":"WebPage","@id":"https:\/\/araleart.com\/product\/elvis-on-popeye-cans-arale-art\/","url":"https:\/\/araleart.com\/product\/elvis-on-popeye-cans-arale-art\/","name":"Elvis on Popeye Cans - Arale Art","isPartOf":{"@id":"https:\/\/araleart.com\/#website"},"primaryImageOfPage":{"@id":"https:\/\/araleart.com\/product\/elvis-on-popeye-cans-arale-art\/#primaryimage"},"image":{"@id":"https:\/\/araleart.com\/product\/elvis-on-popeye-cans-arale-art\/#primaryimage"},"thumbnailUrl":"https:\/\/araleart.com\/wp-content\/uploads\/2020\/06\/Elvis-on-popeye-cans-Arale-art.jpg","datePublished":"2020-06-17T12:57:42+00:00","dateModified":"2026-04-15T16:18:53+00:00","description":"Unic","breadcrumb":{"@id":"https:\/\/araleart.com\/product\/elvis-on-popeye-cans-arale-art\/#breadcrumb"},"inLanguage":"en-US","potentialAction":[{"@type":"ReadAction","target":["https:\/\/araleart.com\/product\/elvis-on-popeye-cans-arale-art\/"]}]},{"@type":"ImageObject","inLanguage":"en-US","@id":"https:\/\/araleart.com\/product\/elvis-on-popeye-cans-arale-art\/#primaryimage","url":"https:\/\/araleart.com\/wp-content\/uploads\/2020\/06\/Elvis-on-popeye-cans-Arale-art.jpg","contentUrl":"https:\/\/araleart.com\/wp-content\/uploads\/2020\/06\/Elvis-on-popeye-cans-Arale-art.jpg","width":2100,"height":2100},{"@type":"BreadcrumbList","@id":"https:\/\/araleart.com\/product\/elvis-on-popeye-cans-arale-art\/#breadcrumb","itemListElement":[{"@type":"ListItem","position":1,"name":"Home","item":"https:\/\/araleart.com\/"},{"@type":"ListItem","position":2,"name":"Shop","item":"https:\/\/araleart.com\/shop\/"},{"@type":"ListItem","position":3,"name":"Elvis on Popeye Cans"}]},{"@type":"WebSite","@id":"https:\/\/araleart.com\/#website","url":"https:\/\/araleart.com\/","name":"Arale Art","description":"Original Artwork, Modern bold pop art","publisher":{"@id":"https:\/\/araleart.com\/#organization"},"potentialAction":[{"@type":"SearchAction","target":{"@type":"EntryPoint","urlTemplate":"https:\/\/araleart.com\/?s={search_term_string}"},"query-input":{"@type":"PropertyValueSpecification","valueRequired":true,"valueName":"search_term_string"}}],"inLanguage":"en-US"},{"@type":"Organization","@id":"https:\/\/araleart.com\/#organization","name":"Arale Art","url":"https:\/\/araleart.com\/","logo":{"@type":"ImageObject","inLanguage":"en-US","@id":"https:\/\/araleart.com\/#\/schema\/logo\/image\/","url":"https:\/\/araleart.com\/wp-content\/uploads\/2026\/03\/cropped-ARALE-ART-LOGO-400-black.png","contentUrl":"https:\/\/araleart.com\/wp-content\/uploads\/2026\/03\/cropped-ARALE-ART-LOGO-400-black.png","width":376,"height":150,"caption":"Arale Art"},"image":{"@id":"https:\/\/araleart.com\/#\/schema\/logo\/image\/"},"sameAs":["https:\/\/www.instagram.com\/e.arale\/"]}]}},"jetpack_sharing_enabled":true,"_links":{"self":[{"href":"https:\/\/araleart.com\/en\/wp-json\/wp\/v2\/product\/61","targetHints":{"allow":["GET"]}}],"collection":[{"href":"https:\/\/araleart.com\/en\/wp-json\/wp\/v2\/product"}],"about":[{"href":"https:\/\/araleart.com\/en\/wp-json\/wp\/v2\/types\/product"}],"replies":[{"embeddable":true,"href":"https:\/\/araleart.com\/en\/wp-json\/wp\/v2\/comments?post=61"}],"wp:featuredmedia":[{"embeddable":true,"href":"https:\/\/araleart.com\/en\/wp-json\/wp\/v2\/media\/271"}],"wp:attachment":[{"href":"https:\/\/araleart.com\/en\/wp-json\/wp\/v2\/media?parent=61"}],"wp:term":[{"taxonomy":"product_brand","embeddable":true,"href":"https:\/\/araleart.com\/en\/wp-json\/wp\/v2\/product_brand?post=61"},{"taxonomy":"product_cat","embeddable":true,"href":"https:\/\/araleart.com\/en\/wp-json\/wp\/v2\/product_cat?post=61"},{"taxonomy":"product_tag","embeddable":true,"href":"https:\/\/araleart.com\/en\/wp-json\/wp\/v2\/product_tag?post=61"}],"curies":[{"name":"wp","href":"https:\/\/api.w.org\/{rel}","templated":true}]}}